{"id":215,"date":"2025-05-31T16:29:33","date_gmt":"2025-05-31T14:29:33","guid":{"rendered":"https:\/\/www.shadowsofthargon.it.\/?page_id=215"},"modified":"2025-06-10T18:08:38","modified_gmt":"2025-06-10T16:08:38","slug":"ita","status":"publish","type":"page","link":"https:\/\/www.shadowsofthargon.it\/index.php\/ita\/","title":{"rendered":"Italiano"},"content":{"rendered":"\n<div class=\"wp-block-group alignfull has-background is-layout-flow wp-block-group-is-layout-flow\" style=\"background-color:#1e1a2c;padding-top:var(--wp--preset--spacing--60);padding-right:0;padding-bottom:var(--wp--preset--spacing--60);padding-left:0\">\n<figure class=\"wp-block-image aligncenter size-full is-resized\"><img loading=\"lazy\" decoding=\"async\" width=\"2560\" height=\"115\" src=\"https:\/\/www.shadowsofthargon.it.\/wp-content\/uploads\/2025\/05\/Annuncio-I-scaled.png\" alt=\"\" class=\"wp-image-130\" style=\"object-fit:contain;width:1275px;height:75px\" srcset=\"https:\/\/www.shadowsofthargon.it\/wp-content\/uploads\/2025\/05\/Annuncio-I-scaled.png 2560w, https:\/\/www.shadowsofthargon.it\/wp-content\/uploads\/2025\/05\/Annuncio-I-300x13.png 300w, https:\/\/www.shadowsofthargon.it\/wp-content\/uploads\/2025\/05\/Annuncio-I-1024x46.png 1024w, https:\/\/www.shadowsofthargon.it\/wp-content\/uploads\/2025\/05\/Annuncio-I-768x34.png 768w, https:\/\/www.shadowsofthargon.it\/wp-content\/uploads\/2025\/05\/Annuncio-I-1536x69.png 1536w, https:\/\/www.shadowsofthargon.it\/wp-content\/uploads\/2025\/05\/Annuncio-I-2048x92.png 2048w\" sizes=\"auto, (max-width: 2560px) 100vw, 2560px\" \/><\/figure>\n\n\n\n<div class=\"wp-block-group has-base-color has-text-color has-background has-link-color wp-elements-9503d3a7152e563746e5b87c578c2320 is-content-justification-space-between is-nowrap is-layout-flex wp-container-core-group-is-layout-c15b5eac wp-block-group-is-layout-flex\" style=\"background-color:#1e1a2c;padding-top:var(--wp--preset--spacing--80);padding-bottom:var(--wp--preset--spacing--80)\">\n<figure class=\"wp-block-image aligncenter size-full is-resized\"><a href=\"https:\/\/www.amazon.it\/Ombre-Thargon-Segreti-del-Passato\/dp\/B0F7GCCNWK\/ref=tmm_hrd_swatch_0?_encoding=UTF8&amp;dib_tag=se&amp;dib=eyJ2IjoiMSJ9.yfRMSCBK6WJ3ifgodWUVxQ.Qc2QtKTALLUDnKhWsSZNc9c6fzDELAKq9mB5wC13QM0&amp;qid=1748625824&amp;sr=8-1\"><img loading=\"lazy\" decoding=\"async\" width=\"1276\" height=\"1975\" src=\"https:\/\/www.shadowsofthargon.it.\/wp-content\/uploads\/2025\/05\/Le-Ombre-di-Thargon.-Secrets-of-the-Past-ITAE-Sito-2.png\" alt=\"\" class=\"wp-image-54\" style=\"aspect-ratio:1.5;object-fit:contain;width:1000px\" srcset=\"https:\/\/www.shadowsofthargon.it\/wp-content\/uploads\/2025\/05\/Le-Ombre-di-Thargon.-Secrets-of-the-Past-ITAE-Sito-2.png 1276w, https:\/\/www.shadowsofthargon.it\/wp-content\/uploads\/2025\/05\/Le-Ombre-di-Thargon.-Secrets-of-the-Past-ITAE-Sito-2-194x300.png 194w, https:\/\/www.shadowsofthargon.it\/wp-content\/uploads\/2025\/05\/Le-Ombre-di-Thargon.-Secrets-of-the-Past-ITAE-Sito-2-662x1024.png 662w, https:\/\/www.shadowsofthargon.it\/wp-content\/uploads\/2025\/05\/Le-Ombre-di-Thargon.-Secrets-of-the-Past-ITAE-Sito-2-768x1189.png 768w, https:\/\/www.shadowsofthargon.it\/wp-content\/uploads\/2025\/05\/Le-Ombre-di-Thargon.-Secrets-of-the-Past-ITAE-Sito-2-992x1536.png 992w\" sizes=\"auto, (max-width: 1276px) 100vw, 1276px\" \/><\/a><figcaption class=\"wp-element-caption\">Acquista<\/figcaption><\/figure>\n\n\n\n<p class=\"has-base-color has-text-color has-link-color wp-elements-8249c7a9e7652a8fbcac832981e5d456\">Da trentacinque lunghi anni ormai imperversa una furiosa guerra tra draghi, ma un antico male attende paziente di emergere, minacciando di far sprofondare Thargon nel caos. Quattro giovani draghi vengono cresciuti sotto la guida di Erashka cercando di seguire le orme di una profezia, ma il Regno degli Alatetra viene attaccato, costringendo i giovani alla fuga. Attraverso gli insegnamenti ricevuti, Pralsjach cercher\u00e0 di guidare i suoi amici nel mondo al di fuori del loro regno, scoprendo per\u00f2 agghiaccianti verit\u00e0 rimaste a lui nascoste per troppo tempo.<br>Otto giovani draghi per combattere la Regina degli Abissi. Otto giovani draghi per unificare i propri clan.<br>\u00c8 giunto il momento di porre fine alle proprie divergenze ad unirsi contro ad un nemico comune.<\/p>\n<\/div>\n<\/div>\n","protected":false},"excerpt":{"rendered":"<p>Da trentacinque lunghi anni ormai imperversa una furiosa guerra tra draghi, ma un antico male attende paziente di emergere, minacciando di far sprofondare Thargon nel caos. Quattro giovani draghi vengono cresciuti sotto la guida di Erashka cercando di seguire le orme di una profezia, ma il Regno degli Alatetra viene attaccato, costringendo i giovani alla [&hellip;]<\/p>\n","protected":false},"author":1,"featured_media":0,"parent":0,"menu_order":0,"comment_status":"closed","ping_status":"closed","template":"","meta":{"footnotes":""},"class_list":["post-215","page","type-page","status-publish","hentry"],"_links":{"self":[{"href":"https:\/\/www.shadowsofthargon.it\/index.php\/wp-json\/wp\/v2\/pages\/215","targetHints":{"allow":["GET"]}}],"collection":[{"href":"https:\/\/www.shadowsofthargon.it\/index.php\/wp-json\/wp\/v2\/pages"}],"about":[{"href":"https:\/\/www.shadowsofthargon.it\/index.php\/wp-json\/wp\/v2\/types\/page"}],"author":[{"embeddable":true,"href":"https:\/\/www.shadowsofthargon.it\/index.php\/wp-json\/wp\/v2\/users\/1"}],"replies":[{"embeddable":true,"href":"https:\/\/www.shadowsofthargon.it\/index.php\/wp-json\/wp\/v2\/comments?post=215"}],"version-history":[{"count":4,"href":"https:\/\/www.shadowsofthargon.it\/index.php\/wp-json\/wp\/v2\/pages\/215\/revisions"}],"predecessor-version":[{"id":243,"href":"https:\/\/www.shadowsofthargon.it\/index.php\/wp-json\/wp\/v2\/pages\/215\/revisions\/243"}],"wp:attachment":[{"href":"https:\/\/www.shadowsofthargon.it\/index.php\/wp-json\/wp\/v2\/media?parent=215"}],"curies":[{"name":"wp","href":"https:\/\/api.w.org\/{rel}","templated":true}]}}